{"id":161,"date":"2024-08-30T18:06:20","date_gmt":"2024-08-30T16:06:20","guid":{"rendered":"https:\/\/www.antonin-dsgn.com\/?page_id=161"},"modified":"2025-11-05T12:33:04","modified_gmt":"2025-11-05T11:33:04","slug":"portfolio","status":"publish","type":"page","link":"https:\/\/www.antonin-dsgn.com\/index.php\/portfolio\/","title":{"rendered":"Portfolio"},"content":{"rendered":"\t\t<div data-elementor-type=\"wp-page\" data-elementor-id=\"161\" class=\"elementor elementor-161\" data-elementor-post-type=\"page\">\n\t\t\t\t<div class=\"elementor-element elementor-element-7672e31 e-flex e-con-boxed e-con e-parent\" data-id=\"7672e31\" data-element_type=\"container\" data-e-type=\"container\">\n\t\t\t\t\t<div class=\"e-con-inner\">\n\t\t<div class=\"elementor-element elementor-element-bbd9bbd e-con-full elementor-hidden-mobile e-flex e-con e-child\" data-id=\"bbd9bbd\" data-element_type=\"container\" data-e-type=\"container\" data-settings=\"{&quot;background_background&quot;:&quot;classic&quot;}\">\n\t\t\t\t<div class=\"elementor-element elementor-element-d9a503b elementor-widget elementor-widget-image\" data-id=\"d9a503b\" data-element_type=\"widget\" data-e-type=\"widget\" data-widget_type=\"image.default\">\n\t\t\t\t<div class=\"elementor-widget-container\">\n\t\t\t\t\t\t\t\t\t\t\t\t\t\t\t<img decoding=\"async\" width=\"350\" height=\"100\" src=\"https:\/\/www.antonin-dsgn.com\/wp-content\/uploads\/2025\/04\/giphy-1.gif\" class=\"attachment-2048x2048 size-2048x2048 wp-image-2500\" alt=\"\" \/>\t\t\t\t\t\t\t\t\t\t\t\t\t\t\t<\/div>\n\t\t\t\t<\/div>\n\t\t\t\t<\/div>\n\t\t\t\t<div class=\"elementor-element elementor-element-393cc33 elementor-hidden-desktop elementor-hidden-laptop elementor-hidden-tablet elementor-widget elementor-widget-image\" data-id=\"393cc33\" data-element_type=\"widget\" data-e-type=\"widget\" data-widget_type=\"image.default\">\n\t\t\t\t<div class=\"elementor-widget-container\">\n\t\t\t\t\t\t\t\t\t\t\t\t\t\t\t<img fetchpriority=\"high\" decoding=\"async\" width=\"350\" height=\"350\" src=\"https:\/\/www.antonin-dsgn.com\/wp-content\/uploads\/2025\/04\/giphy.gif\" class=\"attachment-large size-large wp-image-2491\" alt=\"\" \/>\t\t\t\t\t\t\t\t\t\t\t\t\t\t\t<\/div>\n\t\t\t\t<\/div>\n\t\t<div class=\"elementor-element elementor-element-a2aa9fd e-con-full e-flex e-con e-child\" data-id=\"a2aa9fd\" data-element_type=\"container\" data-e-type=\"container\">\n\t\t\t\t<div class=\"elementor-element elementor-element-a6b1d2a elementor-widget__width-initial elementor-widget-mobile__width-inherit elementor-widget elementor-widget-heading\" data-id=\"a6b1d2a\" data-element_type=\"widget\" data-e-type=\"widget\" data-widget_type=\"heading.default\">\n\t\t\t\t<div class=\"elementor-widget-container\">\n\t\t\t\t\t<div class=\"elementor-heading-title elementor-size-default\">Pr\u00e9pare-toi \u00e0 d\u00e9couvrir mes projets, mes passions et mon univers cr\u00e9atif. Installe-toi confortablement, attrape un caf\u00e9 (ou un th\u00e9, on n\u2019est pas sectaires), et laisse-moi te montrer ce que j\u2019aime faire.<\/div>\t\t\t\t<\/div>\n\t\t\t\t<\/div>\n\t\t\t\t<\/div>\n\t\t\t\t\t<\/div>\n\t\t\t\t<\/div>\n\t\t<div class=\"elementor-element elementor-element-d04cc4c e-flex e-con-boxed e-con e-parent\" data-id=\"d04cc4c\" data-element_type=\"container\" data-e-type=\"container\">\n\t\t\t\t\t<div class=\"e-con-inner\">\n\t\t\t\t<div class=\"elementor-element elementor-element-c631f3c elementor-grid-3 elementor-grid-tablet-2 elementor-grid-mobile-1 elementor-widget elementor-widget-portfolio\" data-id=\"c631f3c\" data-element_type=\"widget\" data-e-type=\"widget\" data-settings=\"{&quot;row_gap&quot;:{&quot;unit&quot;:&quot;px&quot;,&quot;size&quot;:20,&quot;sizes&quot;:[]},&quot;columns&quot;:&quot;3&quot;,&quot;columns_tablet&quot;:&quot;2&quot;,&quot;columns_mobile&quot;:&quot;1&quot;,&quot;item_ratio&quot;:{&quot;unit&quot;:&quot;px&quot;,&quot;size&quot;:0.66,&quot;sizes&quot;:[]},&quot;item_gap&quot;:{&quot;unit&quot;:&quot;px&quot;,&quot;size&quot;:&quot;&quot;,&quot;sizes&quot;:[]}}\" data-widget_type=\"portfolio.default\">\n\t\t\t\t<div class=\"elementor-widget-container\">\n\t\t\t\t\t\t\t<div class=\"elementor-portfolio elementor-grid elementor-posts-container\" role=\"list\">\n\t\t\t\t<article class=\"elementor-portfolio-item elementor-post  post-2178 post type-post status-publish format-standard has-post-thumbnail hentry category-projets\" role=\"listitem\">\n\t\t\t<a class=\"elementor-post__thumbnail__link\" href=\"https:\/\/www.antonin-dsgn.com\/index.php\/2025\/11\/05\/epicuryann\/\">\n\t\t\t\t<div class=\"elementor-portfolio-item__img elementor-post__thumbnail\">\n\t\t\t<img decoding=\"async\" width=\"1920\" height=\"1080\" src=\"https:\/\/www.antonin-dsgn.com\/wp-content\/uploads\/2025\/04\/EpicuryannPlan-de-travail-1-copie.jpeg\" class=\"attachment-2048x2048 size-2048x2048 wp-image-2180\" alt=\"\" srcset=\"https:\/\/www.antonin-dsgn.com\/wp-content\/uploads\/2025\/04\/EpicuryannPlan-de-travail-1-copie.jpeg 1920w, https:\/\/www.antonin-dsgn.com\/wp-content\/uploads\/2025\/04\/EpicuryannPlan-de-travail-1-copie-300x169.jpeg 300w, https:\/\/www.antonin-dsgn.com\/wp-content\/uploads\/2025\/04\/EpicuryannPlan-de-travail-1-copie-1024x576.jpeg 1024w, https:\/\/www.antonin-dsgn.com\/wp-content\/uploads\/2025\/04\/EpicuryannPlan-de-travail-1-copie-768x432.jpeg 768w, https:\/\/www.antonin-dsgn.com\/wp-content\/uploads\/2025\/04\/EpicuryannPlan-de-travail-1-copie-1536x864.jpeg 1536w\" sizes=\"(max-width: 1920px) 100vw, 1920px\" \/>\t\t<\/div>\n\t\t\t\t<div class=\"elementor-portfolio-item__overlay\">\n\t\t\t\t<h3 class=\"elementor-portfolio-item__title\">\n\t\tEpicuryann\t\t<\/h3>\n\t\t\t\t<\/div>\n\t\t\t\t<\/a>\n\t\t<\/article>\n\t\t\t\t<article class=\"elementor-portfolio-item elementor-post  post-2824 post type-post status-publish format-standard has-post-thumbnail hentry category-projets\" role=\"listitem\">\n\t\t\t<a class=\"elementor-post__thumbnail__link\" href=\"https:\/\/www.antonin-dsgn.com\/index.php\/2025\/11\/05\/ame-photographie\/\">\n\t\t\t\t<div class=\"elementor-portfolio-item__img elementor-post__thumbnail\">\n\t\t\t<img loading=\"lazy\" decoding=\"async\" width=\"1280\" height=\"720\" src=\"https:\/\/www.antonin-dsgn.com\/wp-content\/uploads\/2025\/11\/AmeCalifornissa-3-copie-Grande.jpeg\" class=\"attachment-2048x2048 size-2048x2048 wp-image-2840\" alt=\"\" srcset=\"https:\/\/www.antonin-dsgn.com\/wp-content\/uploads\/2025\/11\/AmeCalifornissa-3-copie-Grande.jpeg 1280w, https:\/\/www.antonin-dsgn.com\/wp-content\/uploads\/2025\/11\/AmeCalifornissa-3-copie-Grande-300x169.jpeg 300w, https:\/\/www.antonin-dsgn.com\/wp-content\/uploads\/2025\/11\/AmeCalifornissa-3-copie-Grande-1024x576.jpeg 1024w, https:\/\/www.antonin-dsgn.com\/wp-content\/uploads\/2025\/11\/AmeCalifornissa-3-copie-Grande-768x432.jpeg 768w\" sizes=\"(max-width: 1280px) 100vw, 1280px\" \/>\t\t<\/div>\n\t\t\t\t<div class=\"elementor-portfolio-item__overlay\">\n\t\t\t\t<h3 class=\"elementor-portfolio-item__title\">\n\t\t\u00c2me Photographie\t\t<\/h3>\n\t\t\t\t<\/div>\n\t\t\t\t<\/a>\n\t\t<\/article>\n\t\t\t\t<article class=\"elementor-portfolio-item elementor-post  post-2026 post type-post status-publish format-standard has-post-thumbnail hentry category-projets\" role=\"listitem\">\n\t\t\t<a class=\"elementor-post__thumbnail__link\" href=\"https:\/\/www.antonin-dsgn.com\/index.php\/2025\/11\/05\/sailin-on-tattoo\/\">\n\t\t\t\t<div class=\"elementor-portfolio-item__img elementor-post__thumbnail\">\n\t\t\t<img loading=\"lazy\" decoding=\"async\" width=\"1920\" height=\"1080\" src=\"https:\/\/www.antonin-dsgn.com\/wp-content\/uploads\/2025\/03\/Sailin-on-tattoo-2.jpg\" class=\"attachment-2048x2048 size-2048x2048 wp-image-2140\" alt=\"\" srcset=\"https:\/\/www.antonin-dsgn.com\/wp-content\/uploads\/2025\/03\/Sailin-on-tattoo-2.jpg 1920w, https:\/\/www.antonin-dsgn.com\/wp-content\/uploads\/2025\/03\/Sailin-on-tattoo-2-300x169.jpg 300w, https:\/\/www.antonin-dsgn.com\/wp-content\/uploads\/2025\/03\/Sailin-on-tattoo-2-1024x576.jpg 1024w, https:\/\/www.antonin-dsgn.com\/wp-content\/uploads\/2025\/03\/Sailin-on-tattoo-2-768x432.jpg 768w, https:\/\/www.antonin-dsgn.com\/wp-content\/uploads\/2025\/03\/Sailin-on-tattoo-2-1536x864.jpg 1536w\" sizes=\"(max-width: 1920px) 100vw, 1920px\" \/>\t\t<\/div>\n\t\t\t\t<div class=\"elementor-portfolio-item__overlay\">\n\t\t\t\t<h3 class=\"elementor-portfolio-item__title\">\n\t\tSailin On Tattoo\t\t<\/h3>\n\t\t\t\t<\/div>\n\t\t\t\t<\/a>\n\t\t<\/article>\n\t\t\t\t<article class=\"elementor-portfolio-item elementor-post  post-2370 post type-post status-publish format-standard has-post-thumbnail hentry category-projets\" role=\"listitem\">\n\t\t\t<a class=\"elementor-post__thumbnail__link\" href=\"https:\/\/www.antonin-dsgn.com\/index.php\/2025\/04\/02\/yacht-full\/\">\n\t\t\t\t<div class=\"elementor-portfolio-item__img elementor-post__thumbnail\">\n\t\t\t<img loading=\"lazy\" decoding=\"async\" width=\"1280\" height=\"720\" src=\"https:\/\/www.antonin-dsgn.com\/wp-content\/uploads\/2025\/04\/YFS-2-Grande.jpeg\" class=\"attachment-2048x2048 size-2048x2048 wp-image-2372\" alt=\"\" srcset=\"https:\/\/www.antonin-dsgn.com\/wp-content\/uploads\/2025\/04\/YFS-2-Grande.jpeg 1280w, https:\/\/www.antonin-dsgn.com\/wp-content\/uploads\/2025\/04\/YFS-2-Grande-300x169.jpeg 300w, https:\/\/www.antonin-dsgn.com\/wp-content\/uploads\/2025\/04\/YFS-2-Grande-1024x576.jpeg 1024w, https:\/\/www.antonin-dsgn.com\/wp-content\/uploads\/2025\/04\/YFS-2-Grande-768x432.jpeg 768w\" sizes=\"(max-width: 1280px) 100vw, 1280px\" \/>\t\t<\/div>\n\t\t\t\t<div class=\"elementor-portfolio-item__overlay\">\n\t\t\t\t<h3 class=\"elementor-portfolio-item__title\">\n\t\tYacht Full\t\t<\/h3>\n\t\t\t\t<\/div>\n\t\t\t\t<\/a>\n\t\t<\/article>\n\t\t\t\t<article class=\"elementor-portfolio-item elementor-post  post-2319 post type-post status-publish format-standard has-post-thumbnail hentry category-projets\" role=\"listitem\">\n\t\t\t<a class=\"elementor-post__thumbnail__link\" href=\"https:\/\/www.antonin-dsgn.com\/index.php\/2025\/04\/02\/oly-anger\/\">\n\t\t\t\t<div class=\"elementor-portfolio-item__img elementor-post__thumbnail\">\n\t\t\t<img loading=\"lazy\" decoding=\"async\" width=\"1280\" height=\"720\" src=\"https:\/\/www.antonin-dsgn.com\/wp-content\/uploads\/2025\/04\/OADPlan-de-travail-1-copie-Grande.jpeg\" class=\"attachment-2048x2048 size-2048x2048 wp-image-2321\" alt=\"\" srcset=\"https:\/\/www.antonin-dsgn.com\/wp-content\/uploads\/2025\/04\/OADPlan-de-travail-1-copie-Grande.jpeg 1280w, https:\/\/www.antonin-dsgn.com\/wp-content\/uploads\/2025\/04\/OADPlan-de-travail-1-copie-Grande-300x169.jpeg 300w, https:\/\/www.antonin-dsgn.com\/wp-content\/uploads\/2025\/04\/OADPlan-de-travail-1-copie-Grande-1024x576.jpeg 1024w, https:\/\/www.antonin-dsgn.com\/wp-content\/uploads\/2025\/04\/OADPlan-de-travail-1-copie-Grande-768x432.jpeg 768w\" sizes=\"(max-width: 1280px) 100vw, 1280px\" \/>\t\t<\/div>\n\t\t\t\t<div class=\"elementor-portfolio-item__overlay\">\n\t\t\t\t<h3 class=\"elementor-portfolio-item__title\">\n\t\tOly Anger\t\t<\/h3>\n\t\t\t\t<\/div>\n\t\t\t\t<\/a>\n\t\t<\/article>\n\t\t\t\t<article class=\"elementor-portfolio-item elementor-post  post-2300 post type-post status-publish format-standard has-post-thumbnail hentry category-projets\" role=\"listitem\">\n\t\t\t<a class=\"elementor-post__thumbnail__link\" href=\"https:\/\/www.antonin-dsgn.com\/index.php\/2025\/04\/02\/nabulio\/\">\n\t\t\t\t<div class=\"elementor-portfolio-item__img elementor-post__thumbnail\">\n\t\t\t<img loading=\"lazy\" decoding=\"async\" width=\"1280\" height=\"720\" src=\"https:\/\/www.antonin-dsgn.com\/wp-content\/uploads\/2025\/04\/NabulioPlan-de-travail-1-copie-Grande.jpeg\" class=\"attachment-2048x2048 size-2048x2048 wp-image-2309\" alt=\"\" srcset=\"https:\/\/www.antonin-dsgn.com\/wp-content\/uploads\/2025\/04\/NabulioPlan-de-travail-1-copie-Grande.jpeg 1280w, https:\/\/www.antonin-dsgn.com\/wp-content\/uploads\/2025\/04\/NabulioPlan-de-travail-1-copie-Grande-300x169.jpeg 300w, https:\/\/www.antonin-dsgn.com\/wp-content\/uploads\/2025\/04\/NabulioPlan-de-travail-1-copie-Grande-1024x576.jpeg 1024w, https:\/\/www.antonin-dsgn.com\/wp-content\/uploads\/2025\/04\/NabulioPlan-de-travail-1-copie-Grande-768x432.jpeg 768w\" sizes=\"(max-width: 1280px) 100vw, 1280px\" \/>\t\t<\/div>\n\t\t\t\t<div class=\"elementor-portfolio-item__overlay\">\n\t\t\t\t<h3 class=\"elementor-portfolio-item__title\">\n\t\tNabulio\t\t<\/h3>\n\t\t\t\t<\/div>\n\t\t\t\t<\/a>\n\t\t<\/article>\n\t\t\t\t<article class=\"elementor-portfolio-item elementor-post  post-2864 post type-post status-publish format-standard has-post-thumbnail hentry category-projets\" role=\"listitem\">\n\t\t\t<a class=\"elementor-post__thumbnail__link\" href=\"https:\/\/www.antonin-dsgn.com\/index.php\/2025\/04\/02\/funky-bloom\/\">\n\t\t\t\t<div class=\"elementor-portfolio-item__img elementor-post__thumbnail\">\n\t\t\t<img loading=\"lazy\" decoding=\"async\" width=\"1920\" height=\"1080\" src=\"https:\/\/www.antonin-dsgn.com\/wp-content\/uploads\/2025\/11\/Funky-BloomPlan-de-travail-1-copie.jpg\" class=\"attachment-2048x2048 size-2048x2048 wp-image-2866\" alt=\"\" srcset=\"https:\/\/www.antonin-dsgn.com\/wp-content\/uploads\/2025\/11\/Funky-BloomPlan-de-travail-1-copie.jpg 1920w, https:\/\/www.antonin-dsgn.com\/wp-content\/uploads\/2025\/11\/Funky-BloomPlan-de-travail-1-copie-300x169.jpg 300w, https:\/\/www.antonin-dsgn.com\/wp-content\/uploads\/2025\/11\/Funky-BloomPlan-de-travail-1-copie-1024x576.jpg 1024w, https:\/\/www.antonin-dsgn.com\/wp-content\/uploads\/2025\/11\/Funky-BloomPlan-de-travail-1-copie-768x432.jpg 768w, https:\/\/www.antonin-dsgn.com\/wp-content\/uploads\/2025\/11\/Funky-BloomPlan-de-travail-1-copie-1536x864.jpg 1536w\" sizes=\"(max-width: 1920px) 100vw, 1920px\" \/>\t\t<\/div>\n\t\t\t\t<div class=\"elementor-portfolio-item__overlay\">\n\t\t\t\t<h3 class=\"elementor-portfolio-item__title\">\n\t\tFunky Bloom\t\t<\/h3>\n\t\t\t\t<\/div>\n\t\t\t\t<\/a>\n\t\t<\/article>\n\t\t\t\t<article class=\"elementor-portfolio-item elementor-post  post-2354 post type-post status-publish format-standard has-post-thumbnail hentry category-projets\" role=\"listitem\">\n\t\t\t<a class=\"elementor-post__thumbnail__link\" href=\"https:\/\/www.antonin-dsgn.com\/index.php\/2025\/04\/02\/yb-decor\/\">\n\t\t\t\t<div class=\"elementor-portfolio-item__img elementor-post__thumbnail\">\n\t\t\t<img loading=\"lazy\" decoding=\"async\" width=\"1280\" height=\"720\" src=\"https:\/\/www.antonin-dsgn.com\/wp-content\/uploads\/2025\/04\/YBPlan-de-travail-1-copie-Grande.jpeg\" class=\"attachment-2048x2048 size-2048x2048 wp-image-2356\" alt=\"\" srcset=\"https:\/\/www.antonin-dsgn.com\/wp-content\/uploads\/2025\/04\/YBPlan-de-travail-1-copie-Grande.jpeg 1280w, https:\/\/www.antonin-dsgn.com\/wp-content\/uploads\/2025\/04\/YBPlan-de-travail-1-copie-Grande-300x169.jpeg 300w, https:\/\/www.antonin-dsgn.com\/wp-content\/uploads\/2025\/04\/YBPlan-de-travail-1-copie-Grande-1024x576.jpeg 1024w, https:\/\/www.antonin-dsgn.com\/wp-content\/uploads\/2025\/04\/YBPlan-de-travail-1-copie-Grande-768x432.jpeg 768w\" sizes=\"(max-width: 1280px) 100vw, 1280px\" \/>\t\t<\/div>\n\t\t\t\t<div class=\"elementor-portfolio-item__overlay\">\n\t\t\t\t<h3 class=\"elementor-portfolio-item__title\">\n\t\tY&amp;B Decor\t\t<\/h3>\n\t\t\t\t<\/div>\n\t\t\t\t<\/a>\n\t\t<\/article>\n\t\t\t\t<article class=\"elementor-portfolio-item elementor-post  post-2336 post type-post status-publish format-standard has-post-thumbnail hentry category-projets\" role=\"listitem\">\n\t\t\t<a class=\"elementor-post__thumbnail__link\" href=\"https:\/\/www.antonin-dsgn.com\/index.php\/2025\/04\/02\/subzero\/\">\n\t\t\t\t<div class=\"elementor-portfolio-item__img elementor-post__thumbnail\">\n\t\t\t<img loading=\"lazy\" decoding=\"async\" width=\"1280\" height=\"720\" src=\"https:\/\/www.antonin-dsgn.com\/wp-content\/uploads\/2025\/04\/Sub-zero-design-2-Grande.jpeg\" class=\"attachment-2048x2048 size-2048x2048 wp-image-2338\" alt=\"\" srcset=\"https:\/\/www.antonin-dsgn.com\/wp-content\/uploads\/2025\/04\/Sub-zero-design-2-Grande.jpeg 1280w, https:\/\/www.antonin-dsgn.com\/wp-content\/uploads\/2025\/04\/Sub-zero-design-2-Grande-300x169.jpeg 300w, https:\/\/www.antonin-dsgn.com\/wp-content\/uploads\/2025\/04\/Sub-zero-design-2-Grande-1024x576.jpeg 1024w, https:\/\/www.antonin-dsgn.com\/wp-content\/uploads\/2025\/04\/Sub-zero-design-2-Grande-768x432.jpeg 768w\" sizes=\"(max-width: 1280px) 100vw, 1280px\" \/>\t\t<\/div>\n\t\t\t\t<div class=\"elementor-portfolio-item__overlay\">\n\t\t\t\t<h3 class=\"elementor-portfolio-item__title\">\n\t\tSubzero\t\t<\/h3>\n\t\t\t\t<\/div>\n\t\t\t\t<\/a>\n\t\t<\/article>\n\t\t\t\t<article class=\"elementor-portfolio-item elementor-post  post-2284 post type-post status-publish format-standard has-post-thumbnail hentry category-projets\" role=\"listitem\">\n\t\t\t<a class=\"elementor-post__thumbnail__link\" href=\"https:\/\/www.antonin-dsgn.com\/index.php\/2025\/04\/02\/mush-n-go\/\">\n\t\t\t\t<div class=\"elementor-portfolio-item__img elementor-post__thumbnail\">\n\t\t\t<img loading=\"lazy\" decoding=\"async\" width=\"1280\" height=\"720\" src=\"https:\/\/www.antonin-dsgn.com\/wp-content\/uploads\/2025\/04\/Mush-n-go-3-Grande.jpeg\" class=\"attachment-2048x2048 size-2048x2048 wp-image-2287\" alt=\"\" srcset=\"https:\/\/www.antonin-dsgn.com\/wp-content\/uploads\/2025\/04\/Mush-n-go-3-Grande.jpeg 1280w, https:\/\/www.antonin-dsgn.com\/wp-content\/uploads\/2025\/04\/Mush-n-go-3-Grande-300x169.jpeg 300w, https:\/\/www.antonin-dsgn.com\/wp-content\/uploads\/2025\/04\/Mush-n-go-3-Grande-1024x576.jpeg 1024w, https:\/\/www.antonin-dsgn.com\/wp-content\/uploads\/2025\/04\/Mush-n-go-3-Grande-768x432.jpeg 768w\" sizes=\"(max-width: 1280px) 100vw, 1280px\" \/>\t\t<\/div>\n\t\t\t\t<div class=\"elementor-portfolio-item__overlay\">\n\t\t\t\t<h3 class=\"elementor-portfolio-item__title\">\n\t\tMush N Go\t\t<\/h3>\n\t\t\t\t<\/div>\n\t\t\t\t<\/a>\n\t\t<\/article>\n\t\t\t\t<article class=\"elementor-portfolio-item elementor-post  post-2266 post type-post status-publish format-standard has-post-thumbnail hentry category-projets\" role=\"listitem\">\n\t\t\t<a class=\"elementor-post__thumbnail__link\" href=\"https:\/\/www.antonin-dsgn.com\/index.php\/2025\/04\/02\/meme-framboise\/\">\n\t\t\t\t<div class=\"elementor-portfolio-item__img elementor-post__thumbnail\">\n\t\t\t<img loading=\"lazy\" decoding=\"async\" width=\"1920\" height=\"1080\" src=\"https:\/\/www.antonin-dsgn.com\/wp-content\/uploads\/2025\/04\/meme-framboise-2.jpeg\" class=\"attachment-2048x2048 size-2048x2048 wp-image-2268\" alt=\"\" srcset=\"https:\/\/www.antonin-dsgn.com\/wp-content\/uploads\/2025\/04\/meme-framboise-2.jpeg 1920w, https:\/\/www.antonin-dsgn.com\/wp-content\/uploads\/2025\/04\/meme-framboise-2-300x169.jpeg 300w, https:\/\/www.antonin-dsgn.com\/wp-content\/uploads\/2025\/04\/meme-framboise-2-1024x576.jpeg 1024w, https:\/\/www.antonin-dsgn.com\/wp-content\/uploads\/2025\/04\/meme-framboise-2-768x432.jpeg 768w, https:\/\/www.antonin-dsgn.com\/wp-content\/uploads\/2025\/04\/meme-framboise-2-1536x864.jpeg 1536w\" sizes=\"(max-width: 1920px) 100vw, 1920px\" \/>\t\t<\/div>\n\t\t\t\t<div class=\"elementor-portfolio-item__overlay\">\n\t\t\t\t<h3 class=\"elementor-portfolio-item__title\">\n\t\tM\u00e9m\u00e9 Framboise\t\t<\/h3>\n\t\t\t\t<\/div>\n\t\t\t\t<\/a>\n\t\t<\/article>\n\t\t\t\t<article class=\"elementor-portfolio-item elementor-post  post-2226 post type-post status-publish format-standard has-post-thumbnail hentry category-projets\" role=\"listitem\">\n\t\t\t<a class=\"elementor-post__thumbnail__link\" href=\"https:\/\/www.antonin-dsgn.com\/index.php\/2025\/04\/02\/machloc\/\">\n\t\t\t\t<div class=\"elementor-portfolio-item__img elementor-post__thumbnail\">\n\t\t\t<img loading=\"lazy\" decoding=\"async\" width=\"1280\" height=\"720\" src=\"https:\/\/www.antonin-dsgn.com\/wp-content\/uploads\/2025\/04\/MachlocPlan-de-travail-1-copie-Grande.jpeg\" class=\"attachment-2048x2048 size-2048x2048 wp-image-2228\" alt=\"\" srcset=\"https:\/\/www.antonin-dsgn.com\/wp-content\/uploads\/2025\/04\/MachlocPlan-de-travail-1-copie-Grande.jpeg 1280w, https:\/\/www.antonin-dsgn.com\/wp-content\/uploads\/2025\/04\/MachlocPlan-de-travail-1-copie-Grande-300x169.jpeg 300w, https:\/\/www.antonin-dsgn.com\/wp-content\/uploads\/2025\/04\/MachlocPlan-de-travail-1-copie-Grande-1024x576.jpeg 1024w, https:\/\/www.antonin-dsgn.com\/wp-content\/uploads\/2025\/04\/MachlocPlan-de-travail-1-copie-Grande-768x432.jpeg 768w\" sizes=\"(max-width: 1280px) 100vw, 1280px\" \/>\t\t<\/div>\n\t\t\t\t<div class=\"elementor-portfolio-item__overlay\">\n\t\t\t\t<h3 class=\"elementor-portfolio-item__title\">\n\t\tMachloc\t\t<\/h3>\n\t\t\t\t<\/div>\n\t\t\t\t<\/a>\n\t\t<\/article>\n\t\t\t\t<article class=\"elementor-portfolio-item elementor-post  post-2199 post type-post status-publish format-standard has-post-thumbnail hentry category-projets\" role=\"listitem\">\n\t\t\t<a class=\"elementor-post__thumbnail__link\" href=\"https:\/\/www.antonin-dsgn.com\/index.php\/2025\/04\/02\/innovo\/\">\n\t\t\t\t<div class=\"elementor-portfolio-item__img elementor-post__thumbnail\">\n\t\t\t<img loading=\"lazy\" decoding=\"async\" width=\"1280\" height=\"720\" src=\"https:\/\/www.antonin-dsgn.com\/wp-content\/uploads\/2025\/04\/InnovoInnovo-copie-4-Grande.jpeg\" class=\"attachment-2048x2048 size-2048x2048 wp-image-2204\" alt=\"\" srcset=\"https:\/\/www.antonin-dsgn.com\/wp-content\/uploads\/2025\/04\/InnovoInnovo-copie-4-Grande.jpeg 1280w, https:\/\/www.antonin-dsgn.com\/wp-content\/uploads\/2025\/04\/InnovoInnovo-copie-4-Grande-300x169.jpeg 300w, https:\/\/www.antonin-dsgn.com\/wp-content\/uploads\/2025\/04\/InnovoInnovo-copie-4-Grande-1024x576.jpeg 1024w, https:\/\/www.antonin-dsgn.com\/wp-content\/uploads\/2025\/04\/InnovoInnovo-copie-4-Grande-768x432.jpeg 768w\" sizes=\"(max-width: 1280px) 100vw, 1280px\" \/>\t\t<\/div>\n\t\t\t\t<div class=\"elementor-portfolio-item__overlay\">\n\t\t\t\t<h3 class=\"elementor-portfolio-item__title\">\n\t\tInnovo\t\t<\/h3>\n\t\t\t\t<\/div>\n\t\t\t\t<\/a>\n\t\t<\/article>\n\t\t\t\t<article class=\"elementor-portfolio-item elementor-post  post-2164 post type-post status-publish format-standard has-post-thumbnail hentry category-projets\" role=\"listitem\">\n\t\t\t<a class=\"elementor-post__thumbnail__link\" href=\"https:\/\/www.antonin-dsgn.com\/index.php\/2025\/04\/02\/californissa\/\">\n\t\t\t\t<div class=\"elementor-portfolio-item__img elementor-post__thumbnail\">\n\t\t\t<img loading=\"lazy\" decoding=\"async\" width=\"1920\" height=\"1080\" src=\"https:\/\/www.antonin-dsgn.com\/wp-content\/uploads\/2025\/04\/Californissa-3.jpeg\" class=\"attachment-2048x2048 size-2048x2048 wp-image-2167\" alt=\"\" srcset=\"https:\/\/www.antonin-dsgn.com\/wp-content\/uploads\/2025\/04\/Californissa-3.jpeg 1920w, https:\/\/www.antonin-dsgn.com\/wp-content\/uploads\/2025\/04\/Californissa-3-300x169.jpeg 300w, https:\/\/www.antonin-dsgn.com\/wp-content\/uploads\/2025\/04\/Californissa-3-1024x576.jpeg 1024w, https:\/\/www.antonin-dsgn.com\/wp-content\/uploads\/2025\/04\/Californissa-3-768x432.jpeg 768w, https:\/\/www.antonin-dsgn.com\/wp-content\/uploads\/2025\/04\/Californissa-3-1536x864.jpeg 1536w\" sizes=\"(max-width: 1920px) 100vw, 1920px\" \/>\t\t<\/div>\n\t\t\t\t<div class=\"elementor-portfolio-item__overlay\">\n\t\t\t\t<h3 class=\"elementor-portfolio-item__title\">\n\t\tCalifornissa\t\t<\/h3>\n\t\t\t\t<\/div>\n\t\t\t\t<\/a>\n\t\t<\/article>\n\t\t\t\t<article class=\"elementor-portfolio-item elementor-post  post-2105 post type-post status-publish format-standard has-post-thumbnail hentry category-projets\" role=\"listitem\">\n\t\t\t<a class=\"elementor-post__thumbnail__link\" href=\"https:\/\/www.antonin-dsgn.com\/index.php\/2025\/04\/02\/rotisserie-auguste\/\">\n\t\t\t\t<div class=\"elementor-portfolio-item__img elementor-post__thumbnail\">\n\t\t\t<img loading=\"lazy\" decoding=\"async\" width=\"1920\" height=\"1080\" src=\"https:\/\/www.antonin-dsgn.com\/wp-content\/uploads\/2025\/04\/Rotisserie-Auguste-Direction-Artistique-7.jpeg\" class=\"attachment-2048x2048 size-2048x2048 wp-image-2113\" alt=\"\" srcset=\"https:\/\/www.antonin-dsgn.com\/wp-content\/uploads\/2025\/04\/Rotisserie-Auguste-Direction-Artistique-7.jpeg 1920w, https:\/\/www.antonin-dsgn.com\/wp-content\/uploads\/2025\/04\/Rotisserie-Auguste-Direction-Artistique-7-300x169.jpeg 300w, https:\/\/www.antonin-dsgn.com\/wp-content\/uploads\/2025\/04\/Rotisserie-Auguste-Direction-Artistique-7-1024x576.jpeg 1024w, https:\/\/www.antonin-dsgn.com\/wp-content\/uploads\/2025\/04\/Rotisserie-Auguste-Direction-Artistique-7-768x432.jpeg 768w, https:\/\/www.antonin-dsgn.com\/wp-content\/uploads\/2025\/04\/Rotisserie-Auguste-Direction-Artistique-7-1536x864.jpeg 1536w\" sizes=\"(max-width: 1920px) 100vw, 1920px\" \/>\t\t<\/div>\n\t\t\t\t<div class=\"elementor-portfolio-item__overlay\">\n\t\t\t\t<h3 class=\"elementor-portfolio-item__title\">\n\t\tR\u00f4tisserie Auguste\t\t<\/h3>\n\t\t\t\t<\/div>\n\t\t\t\t<\/a>\n\t\t<\/article>\n\t\t\t\t<\/div>\n\t\t\t\t\t\t<\/div>\n\t\t\t\t<\/div>\n\t\t\t\t\t<\/div>\n\t\t\t\t<\/div>\n\t\t\t\t<\/div>\n\t\t","protected":false},"excerpt":{"rendered":"<p>Pr\u00e9pare-toi \u00e0 d\u00e9couvrir mes projets, mes passions et mon univers cr\u00e9atif. Installe-toi confortablement, attrape un caf\u00e9 (ou un th\u00e9, on n\u2019est pas sectaires), et laisse-moi te montrer ce que j\u2019aime faire.<\/p>\n","protected":false},"author":1,"featured_media":0,"parent":0,"menu_order":0,"comment_status":"closed","ping_status":"closed","template":"","meta":{"footnotes":""},"class_list":["post-161","page","type-page","status-publish","hentry"],"_links":{"self":[{"href":"https:\/\/www.antonin-dsgn.com\/index.php\/wp-json\/wp\/v2\/pages\/161","targetHints":{"allow":["GET"]}}],"collection":[{"href":"https:\/\/www.antonin-dsgn.com\/index.php\/wp-json\/wp\/v2\/pages"}],"about":[{"href":"https:\/\/www.antonin-dsgn.com\/index.php\/wp-json\/wp\/v2\/types\/page"}],"author":[{"embeddable":true,"href":"https:\/\/www.antonin-dsgn.com\/index.php\/wp-json\/wp\/v2\/users\/1"}],"replies":[{"embeddable":true,"href":"https:\/\/www.antonin-dsgn.com\/index.php\/wp-json\/wp\/v2\/comments?post=161"}],"version-history":[{"count":208,"href":"https:\/\/www.antonin-dsgn.com\/index.php\/wp-json\/wp\/v2\/pages\/161\/revisions"}],"predecessor-version":[{"id":2890,"href":"https:\/\/www.antonin-dsgn.com\/index.php\/wp-json\/wp\/v2\/pages\/161\/revisions\/2890"}],"wp:attachment":[{"href":"https:\/\/www.antonin-dsgn.com\/index.php\/wp-json\/wp\/v2\/media?parent=161"}],"curies":[{"name":"wp","href":"https:\/\/api.w.org\/{rel}","templated":true}]}}